{"id":154,"date":"2015-07-16T09:12:44","date_gmt":"2015-07-16T09:12:44","guid":{"rendered":"http:\/\/test.kriesi.at\/minimal-portfolio\/?page_id=154"},"modified":"2019-03-11T01:00:56","modified_gmt":"2019-03-11T04:00:56","slug":"somos","status":"publish","type":"page","link":"https:\/\/creaideas.cl\/w23\/somos\/","title":{"rendered":"somos"},"content":{"rendered":"<div id='av-layout-grid-1'  class='av-layout-grid-container av-av_layout_row-6bad12a8a62609fab2b9247f774845e8 entry-content-wrapper main_color av-flex-cells  avia-builder-el-0  el_before_av_section  avia-builder-el-first   container_wrap fullsize'  >\n\n<style type=\"text\/css\" data-created_by=\"avia_inline_auto\" id=\"style-css-av-av_cell_one_half-426b25dc3bb44bb5e2d2574f4f0881e1\">\n.flex_cell.av-av_cell_one_half-426b25dc3bb44bb5e2d2574f4f0881e1{\nvertical-align:top;\nheight:430px;\nmin-height:430px;\nbackground:url(https:\/\/creaideas.cl\/w23\/wp-content\/uploads\/2019\/03\/REVISTA.jpg) 0% 50% no-repeat scroll ;\n}\n.responsive #top #wrap_all .flex_cell.av-av_cell_one_half-426b25dc3bb44bb5e2d2574f4f0881e1{\npadding:30px 30px 30px 30px !important;\n}\n<\/style>\n<div class='flex_cell av-av_cell_one_half-426b25dc3bb44bb5e2d2574f4f0881e1 av-gridrow-cell av_one_half no_margin  avia-builder-el-1  el_before_av_cell_one_half  avia-builder-el-first  content-align-top avia-full-stretch'  ><div class='flex_cell_inner'><\/div><\/div>\n<style type=\"text\/css\" data-created_by=\"avia_inline_auto\" id=\"style-css-av-av_cell_one_half-715ee1fc132daa0098d5f383b57d4a39\">\n.flex_cell.av-av_cell_one_half-715ee1fc132daa0098d5f383b57d4a39{\nvertical-align:middle;\nheight:430px;\nmin-height:430px;\nbackground-color:#f7f7f7;\n}\n.responsive #top #wrap_all .flex_cell.av-av_cell_one_half-715ee1fc132daa0098d5f383b57d4a39{\npadding:30px 100px 30px 100px !important;\n}\n<\/style>\n<div class='flex_cell av-av_cell_one_half-715ee1fc132daa0098d5f383b57d4a39 av-gridrow-cell av_one_half no_margin  avia-builder-el-2  el_after_av_cell_one_half  avia-builder-el-last  content-align-middle'  ><div class='flex_cell_inner'>\n<style type=\"text\/css\" data-created_by=\"avia_inline_auto\" id=\"style-css-av-av_one_full-d71a51a707c4656b37c9afbbd6138215\">\n.flex_column.av-av_one_full-d71a51a707c4656b37c9afbbd6138215{\nborder-radius:0px 0px 0px 0px;\npadding:0px 0px 0px 0px;\n}\n<\/style>\n<div  class='flex_column av-av_one_full-d71a51a707c4656b37c9afbbd6138215 av_one_full  avia-builder-el-3  avia-builder-el-no-sibling  first flex_column_div av-animated-generic bottom-to-top av-zero-column-padding  '     ><p>\n<style type=\"text\/css\" data-created_by=\"avia_inline_auto\" id=\"style-css-av-av_heading-b94e47aa07e75b700f2596ff0abdf47c\">\n#top .av-special-heading.av-av_heading-b94e47aa07e75b700f2596ff0abdf47c{\npadding-bottom:10px;\n}\nbody .av-special-heading.av-av_heading-b94e47aa07e75b700f2596ff0abdf47c .av-special-heading-tag .heading-char{\nfont-size:25px;\n}\n.av-special-heading.av-av_heading-b94e47aa07e75b700f2596ff0abdf47c .av-subheading{\nfont-size:15px;\n}\n<\/style>\n<div  class='av-special-heading av-av_heading-b94e47aa07e75b700f2596ff0abdf47c av-special-heading-h3 blockquote modern-quote  avia-builder-el-4  el_before_av_textblock  avia-builder-el-first '><h3 class='av-special-heading-tag '  itemprop=\"headline\"  >Quienes Somos<\/h3><div class=\"special-heading-border\"><div class=\"special-heading-inner-border\"><\/div><\/div><\/div><br \/>\n<section  class='av_textblock_section av-av_textblock-2de302bf1aa3cf4c9157dbe6f50ac7eb '   itemscope=\"itemscope\" itemtype=\"https:\/\/schema.org\/CreativeWork\" ><div class='avia_textblock'  itemprop=\"text\" ><p>Somos un equipo de profesionales preparados para dar soluci\u00f3n a los requerimientos de nuestros clientes, en <strong>Creaideas.cl<\/strong> desarrollamos las ideas de nuestros clientes y entregamos soluciones concretas, en el mejor tiempo y relaci\u00f3n costo\/calidad del mercado.<\/p>\n<\/div><\/section><\/p><\/div>\n<\/div><\/div>\n<\/div>\n<div id='av_section_1'  class='avia-section av-av_section-43fa913dbbd7170bb5693496c11aa38b main_color avia-section-large avia-no-border-styling  avia-builder-el-6  el_after_av_layout_row  avia-builder-el-last  avia-bg-style-scroll container_wrap fullsize'  ><div class='container av-section-cont-open' ><div class='template-page content  av-content-full alpha units'><div class='post-entry post-entry-type-page post-entry-154'><div class='entry-content-wrapper clearfix'>\n\n<style type=\"text\/css\" data-created_by=\"avia_inline_auto\" id=\"style-css-av-av_one_half-d71a51a707c4656b37c9afbbd6138215\">\n.flex_column.av-av_one_half-d71a51a707c4656b37c9afbbd6138215{\nborder-radius:0px 0px 0px 0px;\npadding:0px 0px 0px 0px;\n}\n<\/style>\n<div  class='flex_column av-av_one_half-d71a51a707c4656b37c9afbbd6138215 av_one_half  avia-builder-el-7  el_before_av_one_half  avia-builder-el-first  first flex_column_div av-animated-generic bottom-to-top av-zero-column-padding  '     ><p>\n<style type=\"text\/css\" data-created_by=\"avia_inline_auto\" id=\"style-css-av-av_heading-f9a4b29ef6efee94050ad6336e8f21fd\">\n#top .av-special-heading.av-av_heading-f9a4b29ef6efee94050ad6336e8f21fd{\npadding-bottom:10px;\n}\nbody .av-special-heading.av-av_heading-f9a4b29ef6efee94050ad6336e8f21fd .av-special-heading-tag .heading-char{\nfont-size:25px;\n}\n.av-special-heading.av-av_heading-f9a4b29ef6efee94050ad6336e8f21fd .av-subheading{\nfont-size:15px;\n}\n<\/style>\n<div  class='av-special-heading av-av_heading-f9a4b29ef6efee94050ad6336e8f21fd av-special-heading-h3 blockquote modern-quote  avia-builder-el-8  el_before_av_textblock  avia-builder-el-first '><h3 class='av-special-heading-tag '  itemprop=\"headline\"  >Qu\u00e9 podemos hacer..<\/h3><div class=\"special-heading-border\"><div class=\"special-heading-inner-border\"><\/div><\/div><\/div><br \/>\n<section  class='av_textblock_section av-av_textblock-2de302bf1aa3cf4c9157dbe6f50ac7eb '   itemscope=\"itemscope\" itemtype=\"https:\/\/schema.org\/CreativeWork\" ><div class='avia_textblock'  itemprop=\"text\" ><p>Con mas de 25 a\u00f1os de experiencia contamos con proveedores en:<\/p>\n<ul>\n<li>Gr\u00e1fica impresa offset, digital producci\u00f3n de afiches, pegatinas, flyers, todo tipo de material corporativo y promoci\u00f3n.<\/li>\n<li>Dise\u00f1o Sitios Web, Manejo Redes, asesor\u00eda en campa\u00f1as de promoci\u00f3n web.<\/li>\n<li>Campa\u00f1as en terreno, promotoras, repartidores e instaladores de afiches callejeros y flyers.<\/li>\n<\/ul>\n<\/div><\/section><\/p><\/div>\n<style type=\"text\/css\" data-created_by=\"avia_inline_auto\" id=\"style-css-av-av_one_half-93bea18e2ccb60552a17080633244dec\">\n.flex_column.av-av_one_half-93bea18e2ccb60552a17080633244dec{\nborder-radius:0px 0px 0px 0px;\npadding:0px 0px 0px 0px;\n}\n<\/style>\n<div  class='flex_column av-av_one_half-93bea18e2ccb60552a17080633244dec av_one_half  avia-builder-el-10  el_after_av_one_half  el_before_av_one_full  flex_column_div av-animated-generic bottom-to-top av-zero-column-padding  '     ><p>\n<style type=\"text\/css\" data-created_by=\"avia_inline_auto\" id=\"style-css-av-av_heading-2ad1b80e255f135bef0bff9662bb4f9f\">\n#top .av-special-heading.av-av_heading-2ad1b80e255f135bef0bff9662bb4f9f{\npadding-bottom:10px;\n}\nbody .av-special-heading.av-av_heading-2ad1b80e255f135bef0bff9662bb4f9f .av-special-heading-tag .heading-char{\nfont-size:25px;\n}\n.av-special-heading.av-av_heading-2ad1b80e255f135bef0bff9662bb4f9f .av-subheading{\nfont-size:15px;\n}\n<\/style>\n<div  class='av-special-heading av-av_heading-2ad1b80e255f135bef0bff9662bb4f9f av-special-heading-h3 blockquote modern-quote  avia-builder-el-11  el_before_av_textblock  avia-builder-el-first '><h3 class='av-special-heading-tag '  itemprop=\"headline\"  >Destacamos<\/h3><div class=\"special-heading-border\"><div class=\"special-heading-inner-border\"><\/div><\/div><\/div><br \/>\n<section  class='av_textblock_section av-av_textblock-2de302bf1aa3cf4c9157dbe6f50ac7eb '   itemscope=\"itemscope\" itemtype=\"https:\/\/schema.org\/CreativeWork\" ><div class='avia_textblock'  itemprop=\"text\" ><p>A\u00f1os de marcha han hecho de nuestra relaci\u00f3n con proveedores una sociedad que van en directo beneficio de nuestros clientes y sus &#8220;EMERGENCIAS&#8221;.<\/p>\n<ul>\n<li>Trabajos gr\u00e1ficos en Horas para impresi\u00f3n digital y 24 horas para impresi\u00f3n offset.<\/li>\n<li>Dise\u00f1os y altas de sitios web en horas, contamos con servidores propios lo que nos permite activar dominios, casillas de correo y &#8220;p\u00e1ginas en construcci\u00f3n&#8221; r\u00e1pidamente.<\/li>\n<\/ul>\n<\/div><\/section><\/p><\/div>\n<style type=\"text\/css\" data-created_by=\"avia_inline_auto\" id=\"style-css-av-av_one_full-0354937371c5662add4cf8820fff5bc1\">\n.flex_column.av-av_one_full-0354937371c5662add4cf8820fff5bc1{\nborder-radius:0px 0px 0px 0px;\npadding:30px 30px 30px 30px;\nbackground-color:#f7f7f7;\n}\n<\/style>\n<div  class='flex_column av-av_one_full-0354937371c5662add4cf8820fff5bc1 av_one_full  avia-builder-el-13  el_after_av_one_half  avia-builder-el-last  first flex_column_div av-animated-generic bottom-to-top  column-top-margin'     ><p>\n<style type=\"text\/css\" data-created_by=\"avia_inline_auto\" id=\"style-css-av-av_heading-5943adf6aa6bda748de84d3d6f6466a5\">\n#top .av-special-heading.av-av_heading-5943adf6aa6bda748de84d3d6f6466a5{\npadding-bottom:20px;\n}\nbody .av-special-heading.av-av_heading-5943adf6aa6bda748de84d3d6f6466a5 .av-special-heading-tag .heading-char{\nfont-size:25px;\n}\n.av-special-heading.av-av_heading-5943adf6aa6bda748de84d3d6f6466a5 .av-subheading{\nfont-size:15px;\n}\n<\/style>\n<div  class='av-special-heading av-av_heading-5943adf6aa6bda748de84d3d6f6466a5 av-special-heading-h3 blockquote modern-quote modern-centered  avia-builder-el-14  el_before_av_button  avia-builder-el-first '><h3 class='av-special-heading-tag '  itemprop=\"headline\"  >Podemos contactarnos.<\/h3><div class=\"special-heading-border\"><div class=\"special-heading-inner-border\"><\/div><\/div><\/div><br \/>\n<div  class='avia-button-wrap av-av_button-dbaccf9c7d1fabd057a2f86c9e107fbf-wrap avia-button-center  avia-builder-el-15  el_after_av_heading  avia-builder-el-last '><a href='https:\/\/creaideas.cl\/w23\/contacto\/'  class='avia-button av-av_button-dbaccf9c7d1fabd057a2f86c9e107fbf av-link-btn avia-icon_select-no avia-size-x-large avia-position-center avia-color-dark'   aria-label=\"Estamos atentos.\"><span class='avia_iconbox_title' >Estamos atentos.<\/span><\/a><\/div><\/p><\/div>\n","protected":false},"excerpt":{"rendered":"","protected":false},"author":1,"featured_media":0,"parent":0,"menu_order":0,"comment_status":"open","ping_status":"open","template":"","meta":{"footnotes":""},"class_list":["post-154","page","type-page","status-publish","hentry"],"yoast_head":"<!-- This site is optimized with the Yoast SEO plugin v26.6 - https:\/\/yoast.com\/wordpress\/plugins\/seo\/ -->\n<title>somos - :: Agencia Creaideas.cl<\/title>\n<meta name=\"robots\" content=\"index, follow, max-snippet:-1, max-image-preview:large, max-video-preview:-1\" \/>\n<link rel=\"canonical\" href=\"https:\/\/creaideas.cl\/w23\/somos\/\" \/>\n<meta property=\"og:locale\" content=\"es_ES\" \/>\n<meta property=\"og:type\" content=\"article\" \/>\n<meta property=\"og:title\" content=\"somos - :: Agencia Creaideas.cl\" \/>\n<meta property=\"og:url\" content=\"https:\/\/creaideas.cl\/w23\/somos\/\" \/>\n<meta property=\"og:site_name\" content=\":: Agencia Creaideas.cl\" \/>\n<meta property=\"article:publisher\" content=\"https:\/\/www.instagram.com\/creaideas.cl\/\" \/>\n<meta property=\"article:modified_time\" content=\"2019-03-11T04:00:56+00:00\" \/>\n<meta name=\"twitter:card\" content=\"summary_large_image\" \/>\n<meta name=\"twitter:label1\" content=\"Tiempo estimado de lectura\" \/>\n\t<meta name=\"twitter:data1\" content=\"5 minutos\" \/>\n<script type=\"application\/ld+json\" class=\"yoast-schema-graph\">{\"@context\":\"https:\/\/schema.org\",\"@graph\":[{\"@type\":\"WebPage\",\"@id\":\"https:\/\/creaideas.cl\/w23\/somos\/\",\"url\":\"https:\/\/creaideas.cl\/w23\/somos\/\",\"name\":\"somos - :: Agencia Creaideas.cl\",\"isPartOf\":{\"@id\":\"https:\/\/creaideas.cl\/w23\/#website\"},\"datePublished\":\"2015-07-16T09:12:44+00:00\",\"dateModified\":\"2019-03-11T04:00:56+00:00\",\"breadcrumb\":{\"@id\":\"https:\/\/creaideas.cl\/w23\/somos\/#breadcrumb\"},\"inLanguage\":\"es-CL\",\"potentialAction\":[{\"@type\":\"ReadAction\",\"target\":[\"https:\/\/creaideas.cl\/w23\/somos\/\"]}]},{\"@type\":\"BreadcrumbList\",\"@id\":\"https:\/\/creaideas.cl\/w23\/somos\/#breadcrumb\",\"itemListElement\":[{\"@type\":\"ListItem\",\"position\":1,\"name\":\"Portada\",\"item\":\"https:\/\/creaideas.cl\/w23\/\"},{\"@type\":\"ListItem\",\"position\":2,\"name\":\"somos\"}]},{\"@type\":\"WebSite\",\"@id\":\"https:\/\/creaideas.cl\/w23\/#website\",\"url\":\"https:\/\/creaideas.cl\/w23\/\",\"name\":\"www.Creaideas.cl\",\"description\":\"dise\u00f1o y producci\u00f3n gr\u00e1fico, web\",\"publisher\":{\"@id\":\"https:\/\/creaideas.cl\/w23\/#organization\"},\"potentialAction\":[{\"@type\":\"SearchAction\",\"target\":{\"@type\":\"EntryPoint\",\"urlTemplate\":\"https:\/\/creaideas.cl\/w23\/?s={search_term_string}\"},\"query-input\":{\"@type\":\"PropertyValueSpecification\",\"valueRequired\":true,\"valueName\":\"search_term_string\"}}],\"inLanguage\":\"es-CL\"},{\"@type\":\"Organization\",\"@id\":\"https:\/\/creaideas.cl\/w23\/#organization\",\"name\":\"Agencia de Medios Creaideas cl\",\"url\":\"https:\/\/creaideas.cl\/w23\/\",\"logo\":{\"@type\":\"ImageObject\",\"inLanguage\":\"es-CL\",\"@id\":\"https:\/\/creaideas.cl\/w23\/#\/schema\/logo\/image\/\",\"url\":\"https:\/\/creaideas.cl\/w23\/wp-content\/uploads\/2025\/04\/Logo-Creaideas-2025-preload.png\",\"contentUrl\":\"https:\/\/creaideas.cl\/w23\/wp-content\/uploads\/2025\/04\/Logo-Creaideas-2025-preload.png\",\"width\":1000,\"height\":400,\"caption\":\"Agencia de Medios Creaideas cl\"},\"image\":{\"@id\":\"https:\/\/creaideas.cl\/w23\/#\/schema\/logo\/image\/\"},\"sameAs\":[\"https:\/\/www.instagram.com\/creaideas.cl\/\"]}]}<\/script>\n<!-- \/ Yoast SEO plugin. -->","yoast_head_json":{"title":"somos - :: Agencia Creaideas.cl","robots":{"index":"index","follow":"follow","max-snippet":"max-snippet:-1","max-image-preview":"max-image-preview:large","max-video-preview":"max-video-preview:-1"},"canonical":"https:\/\/creaideas.cl\/w23\/somos\/","og_locale":"es_ES","og_type":"article","og_title":"somos - :: Agencia Creaideas.cl","og_url":"https:\/\/creaideas.cl\/w23\/somos\/","og_site_name":":: Agencia Creaideas.cl","article_publisher":"https:\/\/www.instagram.com\/creaideas.cl\/","article_modified_time":"2019-03-11T04:00:56+00:00","twitter_card":"summary_large_image","twitter_misc":{"Tiempo estimado de lectura":"5 minutos"},"schema":{"@context":"https:\/\/schema.org","@graph":[{"@type":"WebPage","@id":"https:\/\/creaideas.cl\/w23\/somos\/","url":"https:\/\/creaideas.cl\/w23\/somos\/","name":"somos - :: Agencia Creaideas.cl","isPartOf":{"@id":"https:\/\/creaideas.cl\/w23\/#website"},"datePublished":"2015-07-16T09:12:44+00:00","dateModified":"2019-03-11T04:00:56+00:00","breadcrumb":{"@id":"https:\/\/creaideas.cl\/w23\/somos\/#breadcrumb"},"inLanguage":"es-CL","potentialAction":[{"@type":"ReadAction","target":["https:\/\/creaideas.cl\/w23\/somos\/"]}]},{"@type":"BreadcrumbList","@id":"https:\/\/creaideas.cl\/w23\/somos\/#breadcrumb","itemListElement":[{"@type":"ListItem","position":1,"name":"Portada","item":"https:\/\/creaideas.cl\/w23\/"},{"@type":"ListItem","position":2,"name":"somos"}]},{"@type":"WebSite","@id":"https:\/\/creaideas.cl\/w23\/#website","url":"https:\/\/creaideas.cl\/w23\/","name":"www.Creaideas.cl","description":"dise\u00f1o y producci\u00f3n gr\u00e1fico, web","publisher":{"@id":"https:\/\/creaideas.cl\/w23\/#organization"},"potentialAction":[{"@type":"SearchAction","target":{"@type":"EntryPoint","urlTemplate":"https:\/\/creaideas.cl\/w23\/?s={search_term_string}"},"query-input":{"@type":"PropertyValueSpecification","valueRequired":true,"valueName":"search_term_string"}}],"inLanguage":"es-CL"},{"@type":"Organization","@id":"https:\/\/creaideas.cl\/w23\/#organization","name":"Agencia de Medios Creaideas cl","url":"https:\/\/creaideas.cl\/w23\/","logo":{"@type":"ImageObject","inLanguage":"es-CL","@id":"https:\/\/creaideas.cl\/w23\/#\/schema\/logo\/image\/","url":"https:\/\/creaideas.cl\/w23\/wp-content\/uploads\/2025\/04\/Logo-Creaideas-2025-preload.png","contentUrl":"https:\/\/creaideas.cl\/w23\/wp-content\/uploads\/2025\/04\/Logo-Creaideas-2025-preload.png","width":1000,"height":400,"caption":"Agencia de Medios Creaideas cl"},"image":{"@id":"https:\/\/creaideas.cl\/w23\/#\/schema\/logo\/image\/"},"sameAs":["https:\/\/www.instagram.com\/creaideas.cl\/"]}]}},"_links":{"self":[{"href":"https:\/\/creaideas.cl\/w23\/wp-json\/wp\/v2\/pages\/154","targetHints":{"allow":["GET"]}}],"collection":[{"href":"https:\/\/creaideas.cl\/w23\/wp-json\/wp\/v2\/pages"}],"about":[{"href":"https:\/\/creaideas.cl\/w23\/wp-json\/wp\/v2\/types\/page"}],"author":[{"embeddable":true,"href":"https:\/\/creaideas.cl\/w23\/wp-json\/wp\/v2\/users\/1"}],"replies":[{"embeddable":true,"href":"https:\/\/creaideas.cl\/w23\/wp-json\/wp\/v2\/comments?post=154"}],"version-history":[{"count":9,"href":"https:\/\/creaideas.cl\/w23\/wp-json\/wp\/v2\/pages\/154\/revisions"}],"predecessor-version":[{"id":273,"href":"https:\/\/creaideas.cl\/w23\/wp-json\/wp\/v2\/pages\/154\/revisions\/273"}],"wp:attachment":[{"href":"https:\/\/creaideas.cl\/w23\/wp-json\/wp\/v2\/media?parent=154"}],"curies":[{"name":"wp","href":"https:\/\/api.w.org\/{rel}","templated":true}]}}