{"id":156,"date":"2015-07-16T09:12:51","date_gmt":"2015-07-16T09:12:51","guid":{"rendered":"http:\/\/test.kriesi.at\/minimal-portfolio\/?page_id=156"},"modified":"2025-05-15T23:49:53","modified_gmt":"2025-05-16T02:49:53","slug":"contacto","status":"publish","type":"page","link":"https:\/\/creaideas.cl\/w23\/contacto\/","title":{"rendered":"Contacto"},"content":{"rendered":"\n<style type=\"text\/css\" data-created_by=\"avia_inline_auto\" id=\"style-css-av-av_one_fourth-15d750bd1b332b34c6e70b077ebbccdf\">\n.flex_column.av-av_one_fourth-15d750bd1b332b34c6e70b077ebbccdf{\nborder-radius:0px 0px 0px 0px;\npadding:0px 0px 0px 0px;\n}\n<\/style>\n<div  class='flex_column av-av_one_fourth-15d750bd1b332b34c6e70b077ebbccdf av_one_fourth  avia-builder-el-0  el_before_av_one_half  avia-builder-el-first  first flex_column_div av-zero-column-padding  '     ><p>\n<style type=\"text\/css\" data-created_by=\"avia_inline_auto\" id=\"style-css-av-av_heading-4b047e07cc21b9a715c5e98194ee8e32\">\n#top .av-special-heading.av-av_heading-4b047e07cc21b9a715c5e98194ee8e32{\npadding-bottom:10px;\n}\nbody .av-special-heading.av-av_heading-4b047e07cc21b9a715c5e98194ee8e32 .av-special-heading-tag .heading-char{\nfont-size:25px;\n}\n.av-special-heading.av-av_heading-4b047e07cc21b9a715c5e98194ee8e32 .av-subheading{\nfont-size:15px;\n}\n<\/style>\n<div  class='av-special-heading av-av_heading-4b047e07cc21b9a715c5e98194ee8e32 av-special-heading-h3 blockquote modern-quote  avia-builder-el-1  el_before_av_textblock  avia-builder-el-first '><h3 class='av-special-heading-tag '  itemprop=\"headline\"  >Ubicados en:<\/h3><div class=\"special-heading-border\"><div class=\"special-heading-inner-border\"><\/div><\/div><\/div><br \/>\n<section  class='av_textblock_section av-av_textblock-2de302bf1aa3cf4c9157dbe6f50ac7eb '   itemscope=\"itemscope\" itemtype=\"https:\/\/schema.org\/CreativeWork\" ><div class='avia_textblock'  itemprop=\"text\" ><p><strong>C\u00f3ndor # 719 &#8211; Casa Blanca<\/strong><br \/>\nSantiago, RM.<\/p>\n<p><a href=\"mailto:contacto@creaideas.cl\"><strong>contacto@creaideas.cl<\/strong><\/a><br \/>\n+569 74453366<\/p>\n<\/div><\/section><\/p><\/div>\n<style type=\"text\/css\" data-created_by=\"avia_inline_auto\" id=\"style-css-av-av_one_half-2a64de42b738552fe666ca889af77e28\">\n.flex_column.av-av_one_half-2a64de42b738552fe666ca889af77e28{\nborder-radius:0px 0px 0px 0px;\npadding:0px 0px 0px 0px;\n}\n<\/style>\n<div  class='flex_column av-av_one_half-2a64de42b738552fe666ca889af77e28 av_one_half  avia-builder-el-3  el_after_av_one_fourth  el_before_av_one_fourth  flex_column_div av-zero-column-padding  '     ><p>\n<style type=\"text\/css\" data-created_by=\"avia_inline_auto\" id=\"style-css-av-av_heading-a6bc9736973bfd2f9973c8fd810577ab\">\n#top .av-special-heading.av-av_heading-a6bc9736973bfd2f9973c8fd810577ab{\npadding-bottom:10px;\n}\nbody .av-special-heading.av-av_heading-a6bc9736973bfd2f9973c8fd810577ab .av-special-heading-tag .heading-char{\nfont-size:25px;\n}\n.av-special-heading.av-av_heading-a6bc9736973bfd2f9973c8fd810577ab .av-subheading{\nfont-size:15px;\n}\n<\/style>\n<div  class='av-special-heading av-av_heading-a6bc9736973bfd2f9973c8fd810577ab av-special-heading-h3 blockquote modern-quote modern-centered  avia-builder-el-4  el_before_av_textblock  avia-builder-el-first '><h3 class='av-special-heading-tag '  itemprop=\"headline\"  >Puedes enviarnos su mensaje.<\/h3><div class=\"special-heading-border\"><div class=\"special-heading-inner-border\"><\/div><\/div><\/div><br \/>\n<section  class='av_textblock_section av-av_textblock-2de302bf1aa3cf4c9157dbe6f50ac7eb '   itemscope=\"itemscope\" itemtype=\"https:\/\/schema.org\/CreativeWork\" ><div class='avia_textblock'  itemprop=\"text\" >\n<div class=\"wpcf7 no-js\" id=\"wpcf7-f552-o1\" lang=\"es-CL\" dir=\"ltr\" data-wpcf7-id=\"552\">\n<div class=\"screen-reader-response\"><p role=\"status\" aria-live=\"polite\" aria-atomic=\"true\"><\/p> <ul><\/ul><\/div>\n<form action=\"\/w23\/wp-json\/wp\/v2\/pages\/156#wpcf7-f552-o1\" method=\"post\" class=\"wpcf7-form init\" aria-label=\"Formulario de contacto\" novalidate=\"novalidate\" data-status=\"init\">\n<fieldset class=\"hidden-fields-container\"><input type=\"hidden\" name=\"_wpcf7\" value=\"552\" \/><input type=\"hidden\" name=\"_wpcf7_version\" value=\"6.1.4\" \/><input type=\"hidden\" name=\"_wpcf7_locale\" value=\"es_CL\" \/><input type=\"hidden\" name=\"_wpcf7_unit_tag\" value=\"wpcf7-f552-o1\" \/><input type=\"hidden\" name=\"_wpcf7_container_post\" value=\"0\" \/><input type=\"hidden\" name=\"_wpcf7_posted_data_hash\" value=\"\" \/>\n<\/fieldset>\n<p><span id=\"wpcf7-69ee1bd3ae57c-wrapper\" class=\"wpcf7-form-control-wrap honeypot-87-wrap\" style=\"display:none !important; visibility:hidden !important;\"><input type=\"hidden\" name=\"honeypot-87-time-start\" value=\"1777212371\"><input type=\"hidden\" name=\"honeypot-87-time-check\" value=\"4\"><label for=\"wpcf7-69ee1bd3ae57c-field\" class=\"hp-message\">Por favor, deja este campo vac\u00edo.<\/label><input id=\"wpcf7-69ee1bd3ae57c-field\"  class=\"wpcf7-form-control wpcf7-text\" type=\"text\" name=\"honeypot-87\" value=\"\" size=\"40\" tabindex=\"-1\" autocomplete=\"new-password\" \/><\/span>\n<\/p>\n<p><label> Tu Nombre<br \/>\n<span class=\"wpcf7-form-control-wrap\" data-name=\"your-name\"><input size=\"40\" maxlength=\"400\" class=\"wpcf7-form-control wpcf7-text wpcf7-validates-as-required\" aria-required=\"true\" aria-invalid=\"false\" value=\"\" type=\"text\" name=\"your-name\" \/><\/span> <\/label>\n<\/p>\n<p><label> Tu email<br \/>\n<span class=\"wpcf7-form-control-wrap\" data-name=\"your-email\"><input size=\"40\" maxlength=\"400\" class=\"wpcf7-form-control wpcf7-email wpcf7-validates-as-required wpcf7-text wpcf7-validates-as-email\" aria-required=\"true\" aria-invalid=\"false\" value=\"\" type=\"email\" name=\"your-email\" \/><\/span> <\/label>\n<\/p>\n<p><label> Asunto<br \/>\n<span class=\"wpcf7-form-control-wrap\" data-name=\"your-subject\"><input size=\"40\" maxlength=\"400\" class=\"wpcf7-form-control wpcf7-text wpcf7-validates-as-required\" aria-required=\"true\" aria-invalid=\"false\" value=\"\" type=\"text\" name=\"your-subject\" \/><\/span> <\/label>\n<\/p>\n<p><label> Mensaje (optional)<br \/>\n<span class=\"wpcf7-form-control-wrap\" data-name=\"your-message\"><textarea cols=\"40\" rows=\"10\" maxlength=\"2000\" class=\"wpcf7-form-control wpcf7-textarea\" aria-invalid=\"false\" name=\"your-message\"><\/textarea><\/span> <\/label>\n<\/p>\n<p><input class=\"wpcf7-form-control wpcf7-submit has-spinner\" type=\"submit\" value=\"Enviar\" \/>\n<\/p><p style=\"display: none !important;\" class=\"akismet-fields-container\" data-prefix=\"_wpcf7_ak_\"><label>&#916;<textarea name=\"_wpcf7_ak_hp_textarea\" cols=\"45\" rows=\"8\" maxlength=\"100\"><\/textarea><\/label><input type=\"hidden\" id=\"ak_js_1\" name=\"_wpcf7_ak_js\" value=\"96\"\/><script>document.getElementById( \"ak_js_1\" ).setAttribute( \"value\", ( new Date() ).getTime() );<\/script><\/p><div class=\"wpcf7-response-output\" aria-hidden=\"true\"><\/div>\n<\/form>\n<\/div>\n\n<\/div><\/section><br \/>\n<section  class='av_textblock_section av-av_textblock-2de302bf1aa3cf4c9157dbe6f50ac7eb '   itemscope=\"itemscope\" itemtype=\"https:\/\/schema.org\/CreativeWork\" ><div class='avia_textblock'  itemprop=\"text\" ><p style=\"text-align: center;\">Estamos atentos a los requerimientos de nuestros clientes, si a\u00fan no estamos en contacto WSP env\u00edenos su mensaje y com\u00e9ntenos que necesita.<\/p>\n<\/div><\/section><\/p><\/div>\n<style type=\"text\/css\" data-created_by=\"avia_inline_auto\" id=\"style-css-av-av_one_fourth-2a64de42b738552fe666ca889af77e28\">\n.flex_column.av-av_one_fourth-2a64de42b738552fe666ca889af77e28{\nborder-radius:0px 0px 0px 0px;\npadding:0px 0px 0px 0px;\n}\n<\/style>\n<div  class='flex_column av-av_one_fourth-2a64de42b738552fe666ca889af77e28 av_one_fourth  avia-builder-el-7  el_after_av_one_half  avia-builder-el-last  flex_column_div av-zero-column-padding  '     ><\/div><\/p>\n","protected":false},"excerpt":{"rendered":"","protected":false},"author":1,"featured_media":0,"parent":0,"menu_order":0,"comment_status":"open","ping_status":"open","template":"","meta":{"footnotes":""},"class_list":["post-156","page","type-page","status-publish","hentry"],"yoast_head":"<!-- This site is optimized with the Yoast SEO plugin v26.6 - https:\/\/yoast.com\/wordpress\/plugins\/seo\/ -->\n<title>Contacto - :: Agencia Creaideas.cl<\/title>\n<meta name=\"robots\" content=\"index, follow, max-snippet:-1, max-image-preview:large, max-video-preview:-1\" \/>\n<link rel=\"canonical\" href=\"https:\/\/creaideas.cl\/w23\/contacto\/\" \/>\n<meta property=\"og:locale\" content=\"es_ES\" \/>\n<meta property=\"og:type\" content=\"article\" \/>\n<meta property=\"og:title\" content=\"Contacto - :: Agencia Creaideas.cl\" \/>\n<meta property=\"og:url\" content=\"https:\/\/creaideas.cl\/w23\/contacto\/\" \/>\n<meta property=\"og:site_name\" content=\":: Agencia Creaideas.cl\" \/>\n<meta property=\"article:publisher\" content=\"https:\/\/www.instagram.com\/creaideas.cl\/\" \/>\n<meta property=\"article:modified_time\" content=\"2025-05-16T02:49:53+00:00\" \/>\n<meta name=\"twitter:card\" content=\"summary_large_image\" \/>\n<meta name=\"twitter:label1\" content=\"Tiempo estimado de lectura\" \/>\n\t<meta name=\"twitter:data1\" content=\"2 minutos\" \/>\n<script type=\"application\/ld+json\" class=\"yoast-schema-graph\">{\"@context\":\"https:\/\/schema.org\",\"@graph\":[{\"@type\":\"WebPage\",\"@id\":\"https:\/\/creaideas.cl\/w23\/contacto\/\",\"url\":\"https:\/\/creaideas.cl\/w23\/contacto\/\",\"name\":\"Contacto - :: Agencia Creaideas.cl\",\"isPartOf\":{\"@id\":\"https:\/\/creaideas.cl\/w23\/#website\"},\"datePublished\":\"2015-07-16T09:12:51+00:00\",\"dateModified\":\"2025-05-16T02:49:53+00:00\",\"breadcrumb\":{\"@id\":\"https:\/\/creaideas.cl\/w23\/contacto\/#breadcrumb\"},\"inLanguage\":\"es-CL\",\"potentialAction\":[{\"@type\":\"ReadAction\",\"target\":[\"https:\/\/creaideas.cl\/w23\/contacto\/\"]}]},{\"@type\":\"BreadcrumbList\",\"@id\":\"https:\/\/creaideas.cl\/w23\/contacto\/#breadcrumb\",\"itemListElement\":[{\"@type\":\"ListItem\",\"position\":1,\"name\":\"Portada\",\"item\":\"https:\/\/creaideas.cl\/w23\/\"},{\"@type\":\"ListItem\",\"position\":2,\"name\":\"Contacto\"}]},{\"@type\":\"WebSite\",\"@id\":\"https:\/\/creaideas.cl\/w23\/#website\",\"url\":\"https:\/\/creaideas.cl\/w23\/\",\"name\":\"www.Creaideas.cl\",\"description\":\"dise\u00f1o y producci\u00f3n gr\u00e1fico, web\",\"publisher\":{\"@id\":\"https:\/\/creaideas.cl\/w23\/#organization\"},\"potentialAction\":[{\"@type\":\"SearchAction\",\"target\":{\"@type\":\"EntryPoint\",\"urlTemplate\":\"https:\/\/creaideas.cl\/w23\/?s={search_term_string}\"},\"query-input\":{\"@type\":\"PropertyValueSpecification\",\"valueRequired\":true,\"valueName\":\"search_term_string\"}}],\"inLanguage\":\"es-CL\"},{\"@type\":\"Organization\",\"@id\":\"https:\/\/creaideas.cl\/w23\/#organization\",\"name\":\"Agencia de Medios Creaideas cl\",\"url\":\"https:\/\/creaideas.cl\/w23\/\",\"logo\":{\"@type\":\"ImageObject\",\"inLanguage\":\"es-CL\",\"@id\":\"https:\/\/creaideas.cl\/w23\/#\/schema\/logo\/image\/\",\"url\":\"https:\/\/creaideas.cl\/w23\/wp-content\/uploads\/2025\/04\/Logo-Creaideas-2025-preload.png\",\"contentUrl\":\"https:\/\/creaideas.cl\/w23\/wp-content\/uploads\/2025\/04\/Logo-Creaideas-2025-preload.png\",\"width\":1000,\"height\":400,\"caption\":\"Agencia de Medios Creaideas cl\"},\"image\":{\"@id\":\"https:\/\/creaideas.cl\/w23\/#\/schema\/logo\/image\/\"},\"sameAs\":[\"https:\/\/www.instagram.com\/creaideas.cl\/\"]}]}<\/script>\n<!-- \/ Yoast SEO plugin. -->","yoast_head_json":{"title":"Contacto - :: Agencia Creaideas.cl","robots":{"index":"index","follow":"follow","max-snippet":"max-snippet:-1","max-image-preview":"max-image-preview:large","max-video-preview":"max-video-preview:-1"},"canonical":"https:\/\/creaideas.cl\/w23\/contacto\/","og_locale":"es_ES","og_type":"article","og_title":"Contacto - :: Agencia Creaideas.cl","og_url":"https:\/\/creaideas.cl\/w23\/contacto\/","og_site_name":":: Agencia Creaideas.cl","article_publisher":"https:\/\/www.instagram.com\/creaideas.cl\/","article_modified_time":"2025-05-16T02:49:53+00:00","twitter_card":"summary_large_image","twitter_misc":{"Tiempo estimado de lectura":"2 minutos"},"schema":{"@context":"https:\/\/schema.org","@graph":[{"@type":"WebPage","@id":"https:\/\/creaideas.cl\/w23\/contacto\/","url":"https:\/\/creaideas.cl\/w23\/contacto\/","name":"Contacto - :: Agencia Creaideas.cl","isPartOf":{"@id":"https:\/\/creaideas.cl\/w23\/#website"},"datePublished":"2015-07-16T09:12:51+00:00","dateModified":"2025-05-16T02:49:53+00:00","breadcrumb":{"@id":"https:\/\/creaideas.cl\/w23\/contacto\/#breadcrumb"},"inLanguage":"es-CL","potentialAction":[{"@type":"ReadAction","target":["https:\/\/creaideas.cl\/w23\/contacto\/"]}]},{"@type":"BreadcrumbList","@id":"https:\/\/creaideas.cl\/w23\/contacto\/#breadcrumb","itemListElement":[{"@type":"ListItem","position":1,"name":"Portada","item":"https:\/\/creaideas.cl\/w23\/"},{"@type":"ListItem","position":2,"name":"Contacto"}]},{"@type":"WebSite","@id":"https:\/\/creaideas.cl\/w23\/#website","url":"https:\/\/creaideas.cl\/w23\/","name":"www.Creaideas.cl","description":"dise\u00f1o y producci\u00f3n gr\u00e1fico, web","publisher":{"@id":"https:\/\/creaideas.cl\/w23\/#organization"},"potentialAction":[{"@type":"SearchAction","target":{"@type":"EntryPoint","urlTemplate":"https:\/\/creaideas.cl\/w23\/?s={search_term_string}"},"query-input":{"@type":"PropertyValueSpecification","valueRequired":true,"valueName":"search_term_string"}}],"inLanguage":"es-CL"},{"@type":"Organization","@id":"https:\/\/creaideas.cl\/w23\/#organization","name":"Agencia de Medios Creaideas cl","url":"https:\/\/creaideas.cl\/w23\/","logo":{"@type":"ImageObject","inLanguage":"es-CL","@id":"https:\/\/creaideas.cl\/w23\/#\/schema\/logo\/image\/","url":"https:\/\/creaideas.cl\/w23\/wp-content\/uploads\/2025\/04\/Logo-Creaideas-2025-preload.png","contentUrl":"https:\/\/creaideas.cl\/w23\/wp-content\/uploads\/2025\/04\/Logo-Creaideas-2025-preload.png","width":1000,"height":400,"caption":"Agencia de Medios Creaideas cl"},"image":{"@id":"https:\/\/creaideas.cl\/w23\/#\/schema\/logo\/image\/"},"sameAs":["https:\/\/www.instagram.com\/creaideas.cl\/"]}]}},"_links":{"self":[{"href":"https:\/\/creaideas.cl\/w23\/wp-json\/wp\/v2\/pages\/156","targetHints":{"allow":["GET"]}}],"collection":[{"href":"https:\/\/creaideas.cl\/w23\/wp-json\/wp\/v2\/pages"}],"about":[{"href":"https:\/\/creaideas.cl\/w23\/wp-json\/wp\/v2\/types\/page"}],"author":[{"embeddable":true,"href":"https:\/\/creaideas.cl\/w23\/wp-json\/wp\/v2\/users\/1"}],"replies":[{"embeddable":true,"href":"https:\/\/creaideas.cl\/w23\/wp-json\/wp\/v2\/comments?post=156"}],"version-history":[{"count":11,"href":"https:\/\/creaideas.cl\/w23\/wp-json\/wp\/v2\/pages\/156\/revisions"}],"predecessor-version":[{"id":586,"href":"https:\/\/creaideas.cl\/w23\/wp-json\/wp\/v2\/pages\/156\/revisions\/586"}],"wp:attachment":[{"href":"https:\/\/creaideas.cl\/w23\/wp-json\/wp\/v2\/media?parent=156"}],"curies":[{"name":"wp","href":"https:\/\/api.w.org\/{rel}","templated":true}]}}