{"id":508,"date":"2019-03-14T00:47:46","date_gmt":"2019-03-14T03:47:46","guid":{"rendered":"https:\/\/grafica.creaideas.cl\/?post_type=product&#038;p=508"},"modified":"2025-12-28T22:12:13","modified_gmt":"2025-12-29T01:12:13","slug":"flyers-volantes","status":"publish","type":"product","link":"https:\/\/creaideas.cl\/w23\/producto\/flyers-volantes\/","title":{"rendered":"1000 Flyers \/ Volantes"},"content":{"rendered":"<p>Dise\u00f1o y producci\u00f3n de Flyers.<\/p>\n","protected":false},"excerpt":{"rendered":"<p>Dise\u00f1o y producci\u00f3n de Flyers, Full color, papel couche 170 grs. opaco o brillante.<br \/>\nTama\u00f1o 10 x 15 aprox.<\/p>\n","protected":false},"featured_media":509,"comment_status":"closed","ping_status":"closed","template":"","meta":[],"product_brand":[],"product_cat":[64],"product_tag":[],"class_list":{"0":"post-508","1":"product","2":"type-product","3":"status-publish","4":"has-post-thumbnail","6":"product_cat-sin-categoria","8":"first","9":"instock","10":"taxable","11":"shipping-taxable","12":"purchasable","13":"product-type-simple"},"yoast_head":"<!-- This site is optimized with the Yoast SEO plugin v26.6 - https:\/\/yoast.com\/wordpress\/plugins\/seo\/ -->\n<title>1000 Flyers \/ Volantes - :: Agencia Creaideas.cl<\/title>\n<meta name=\"description\" content=\"Dise\u00f1o e impresi\u00f3n de Flyers, afiches, pendones y todo tipo de impresiones. Offset y Digital. campa\u00f1as pol\u00edticas, promoci\u00f3n de eventos.\" \/>\n<meta name=\"robots\" content=\"index, follow, max-snippet:-1, max-image-preview:large, max-video-preview:-1\" \/>\n<link rel=\"canonical\" href=\"https:\/\/creaideas.cl\/w23\/producto\/flyers-volantes\/\" \/>\n<meta property=\"og:locale\" content=\"es_ES\" \/>\n<meta property=\"og:type\" content=\"article\" \/>\n<meta property=\"og:title\" content=\"1000 Flyers \/ Volantes - :: Agencia Creaideas.cl\" \/>\n<meta property=\"og:description\" content=\"Dise\u00f1o e impresi\u00f3n de Flyers, afiches, pendones y todo tipo de impresiones. Offset y Digital. campa\u00f1as pol\u00edticas, promoci\u00f3n de eventos.\" \/>\n<meta property=\"og:url\" content=\"https:\/\/creaideas.cl\/w23\/producto\/flyers-volantes\/\" \/>\n<meta property=\"og:site_name\" content=\":: Agencia Creaideas.cl\" \/>\n<meta property=\"article:publisher\" content=\"https:\/\/www.instagram.com\/creaideas.cl\/\" \/>\n<meta property=\"article:modified_time\" content=\"2025-12-29T01:12:13+00:00\" \/>\n<meta property=\"og:image\" content=\"https:\/\/creaideas.cl\/w23\/wp-content\/uploads\/2019\/03\/flyers-10-x-15.jpg\" \/>\n\t<meta property=\"og:image:width\" content=\"1019\" \/>\n\t<meta property=\"og:image:height\" content=\"1019\" \/>\n\t<meta property=\"og:image:type\" content=\"image\/jpeg\" \/>\n<meta name=\"twitter:card\" content=\"summary_large_image\" \/>\n<meta name=\"twitter:label1\" content=\"Tiempo estimado de lectura\" \/>\n\t<meta name=\"twitter:data1\" content=\"1 minuto\" \/>\n<script type=\"application\/ld+json\" class=\"yoast-schema-graph\">{\"@context\":\"https:\/\/schema.org\",\"@graph\":[{\"@type\":\"WebPage\",\"@id\":\"https:\/\/creaideas.cl\/w23\/producto\/flyers-volantes\/\",\"url\":\"https:\/\/creaideas.cl\/w23\/producto\/flyers-volantes\/\",\"name\":\"1000 Flyers \/ Volantes - :: Agencia Creaideas.cl\",\"isPartOf\":{\"@id\":\"https:\/\/creaideas.cl\/w23\/#website\"},\"primaryImageOfPage\":{\"@id\":\"https:\/\/creaideas.cl\/w23\/producto\/flyers-volantes\/#primaryimage\"},\"image\":{\"@id\":\"https:\/\/creaideas.cl\/w23\/producto\/flyers-volantes\/#primaryimage\"},\"thumbnailUrl\":\"https:\/\/creaideas.cl\/w23\/wp-content\/uploads\/2019\/03\/flyers-10-x-15.jpg\",\"datePublished\":\"2019-03-14T03:47:46+00:00\",\"dateModified\":\"2025-12-29T01:12:13+00:00\",\"description\":\"Dise\u00f1o e impresi\u00f3n de Flyers, afiches, pendones y todo tipo de impresiones. Offset y Digital. campa\u00f1as pol\u00edticas, promoci\u00f3n de eventos.\",\"breadcrumb\":{\"@id\":\"https:\/\/creaideas.cl\/w23\/producto\/flyers-volantes\/#breadcrumb\"},\"inLanguage\":\"es-CL\",\"potentialAction\":[{\"@type\":\"ReadAction\",\"target\":[\"https:\/\/creaideas.cl\/w23\/producto\/flyers-volantes\/\"]}]},{\"@type\":\"ImageObject\",\"inLanguage\":\"es-CL\",\"@id\":\"https:\/\/creaideas.cl\/w23\/producto\/flyers-volantes\/#primaryimage\",\"url\":\"https:\/\/creaideas.cl\/w23\/wp-content\/uploads\/2019\/03\/flyers-10-x-15.jpg\",\"contentUrl\":\"https:\/\/creaideas.cl\/w23\/wp-content\/uploads\/2019\/03\/flyers-10-x-15.jpg\",\"width\":1019,\"height\":1019},{\"@type\":\"BreadcrumbList\",\"@id\":\"https:\/\/creaideas.cl\/w23\/producto\/flyers-volantes\/#breadcrumb\",\"itemListElement\":[{\"@type\":\"ListItem\",\"position\":1,\"name\":\"Portada\",\"item\":\"https:\/\/creaideas.cl\/w23\/\"},{\"@type\":\"ListItem\",\"position\":2,\"name\":\"Tienda\",\"item\":\"https:\/\/creaideas.cl\/w23\/tienda\/\"},{\"@type\":\"ListItem\",\"position\":3,\"name\":\"1000 Flyers \/ Volantes\"}]},{\"@type\":\"WebSite\",\"@id\":\"https:\/\/creaideas.cl\/w23\/#website\",\"url\":\"https:\/\/creaideas.cl\/w23\/\",\"name\":\"www.Creaideas.cl\",\"description\":\"dise\u00f1o y producci\u00f3n gr\u00e1fico, web\",\"publisher\":{\"@id\":\"https:\/\/creaideas.cl\/w23\/#organization\"},\"potentialAction\":[{\"@type\":\"SearchAction\",\"target\":{\"@type\":\"EntryPoint\",\"urlTemplate\":\"https:\/\/creaideas.cl\/w23\/?s={search_term_string}\"},\"query-input\":{\"@type\":\"PropertyValueSpecification\",\"valueRequired\":true,\"valueName\":\"search_term_string\"}}],\"inLanguage\":\"es-CL\"},{\"@type\":\"Organization\",\"@id\":\"https:\/\/creaideas.cl\/w23\/#organization\",\"name\":\"Agencia de Medios Creaideas cl\",\"url\":\"https:\/\/creaideas.cl\/w23\/\",\"logo\":{\"@type\":\"ImageObject\",\"inLanguage\":\"es-CL\",\"@id\":\"https:\/\/creaideas.cl\/w23\/#\/schema\/logo\/image\/\",\"url\":\"https:\/\/creaideas.cl\/w23\/wp-content\/uploads\/2025\/04\/Logo-Creaideas-2025-preload.png\",\"contentUrl\":\"https:\/\/creaideas.cl\/w23\/wp-content\/uploads\/2025\/04\/Logo-Creaideas-2025-preload.png\",\"width\":1000,\"height\":400,\"caption\":\"Agencia de Medios Creaideas cl\"},\"image\":{\"@id\":\"https:\/\/creaideas.cl\/w23\/#\/schema\/logo\/image\/\"},\"sameAs\":[\"https:\/\/www.instagram.com\/creaideas.cl\/\"]}]}<\/script>\n<!-- \/ Yoast SEO plugin. -->","yoast_head_json":{"title":"1000 Flyers \/ Volantes - :: Agencia Creaideas.cl","description":"Dise\u00f1o e impresi\u00f3n de Flyers, afiches, pendones y todo tipo de impresiones. Offset y Digital. campa\u00f1as pol\u00edticas, promoci\u00f3n de eventos.","robots":{"index":"index","follow":"follow","max-snippet":"max-snippet:-1","max-image-preview":"max-image-preview:large","max-video-preview":"max-video-preview:-1"},"canonical":"https:\/\/creaideas.cl\/w23\/producto\/flyers-volantes\/","og_locale":"es_ES","og_type":"article","og_title":"1000 Flyers \/ Volantes - :: Agencia Creaideas.cl","og_description":"Dise\u00f1o e impresi\u00f3n de Flyers, afiches, pendones y todo tipo de impresiones. Offset y Digital. campa\u00f1as pol\u00edticas, promoci\u00f3n de eventos.","og_url":"https:\/\/creaideas.cl\/w23\/producto\/flyers-volantes\/","og_site_name":":: Agencia Creaideas.cl","article_publisher":"https:\/\/www.instagram.com\/creaideas.cl\/","article_modified_time":"2025-12-29T01:12:13+00:00","og_image":[{"width":1019,"height":1019,"url":"https:\/\/creaideas.cl\/w23\/wp-content\/uploads\/2019\/03\/flyers-10-x-15.jpg","type":"image\/jpeg"}],"twitter_card":"summary_large_image","twitter_misc":{"Tiempo estimado de lectura":"1 minuto"},"schema":{"@context":"https:\/\/schema.org","@graph":[{"@type":"WebPage","@id":"https:\/\/creaideas.cl\/w23\/producto\/flyers-volantes\/","url":"https:\/\/creaideas.cl\/w23\/producto\/flyers-volantes\/","name":"1000 Flyers \/ Volantes - :: Agencia Creaideas.cl","isPartOf":{"@id":"https:\/\/creaideas.cl\/w23\/#website"},"primaryImageOfPage":{"@id":"https:\/\/creaideas.cl\/w23\/producto\/flyers-volantes\/#primaryimage"},"image":{"@id":"https:\/\/creaideas.cl\/w23\/producto\/flyers-volantes\/#primaryimage"},"thumbnailUrl":"https:\/\/creaideas.cl\/w23\/wp-content\/uploads\/2019\/03\/flyers-10-x-15.jpg","datePublished":"2019-03-14T03:47:46+00:00","dateModified":"2025-12-29T01:12:13+00:00","description":"Dise\u00f1o e impresi\u00f3n de Flyers, afiches, pendones y todo tipo de impresiones. Offset y Digital. campa\u00f1as pol\u00edticas, promoci\u00f3n de eventos.","breadcrumb":{"@id":"https:\/\/creaideas.cl\/w23\/producto\/flyers-volantes\/#breadcrumb"},"inLanguage":"es-CL","potentialAction":[{"@type":"ReadAction","target":["https:\/\/creaideas.cl\/w23\/producto\/flyers-volantes\/"]}]},{"@type":"ImageObject","inLanguage":"es-CL","@id":"https:\/\/creaideas.cl\/w23\/producto\/flyers-volantes\/#primaryimage","url":"https:\/\/creaideas.cl\/w23\/wp-content\/uploads\/2019\/03\/flyers-10-x-15.jpg","contentUrl":"https:\/\/creaideas.cl\/w23\/wp-content\/uploads\/2019\/03\/flyers-10-x-15.jpg","width":1019,"height":1019},{"@type":"BreadcrumbList","@id":"https:\/\/creaideas.cl\/w23\/producto\/flyers-volantes\/#breadcrumb","itemListElement":[{"@type":"ListItem","position":1,"name":"Portada","item":"https:\/\/creaideas.cl\/w23\/"},{"@type":"ListItem","position":2,"name":"Tienda","item":"https:\/\/creaideas.cl\/w23\/tienda\/"},{"@type":"ListItem","position":3,"name":"1000 Flyers \/ Volantes"}]},{"@type":"WebSite","@id":"https:\/\/creaideas.cl\/w23\/#website","url":"https:\/\/creaideas.cl\/w23\/","name":"www.Creaideas.cl","description":"dise\u00f1o y producci\u00f3n gr\u00e1fico, web","publisher":{"@id":"https:\/\/creaideas.cl\/w23\/#organization"},"potentialAction":[{"@type":"SearchAction","target":{"@type":"EntryPoint","urlTemplate":"https:\/\/creaideas.cl\/w23\/?s={search_term_string}"},"query-input":{"@type":"PropertyValueSpecification","valueRequired":true,"valueName":"search_term_string"}}],"inLanguage":"es-CL"},{"@type":"Organization","@id":"https:\/\/creaideas.cl\/w23\/#organization","name":"Agencia de Medios Creaideas cl","url":"https:\/\/creaideas.cl\/w23\/","logo":{"@type":"ImageObject","inLanguage":"es-CL","@id":"https:\/\/creaideas.cl\/w23\/#\/schema\/logo\/image\/","url":"https:\/\/creaideas.cl\/w23\/wp-content\/uploads\/2025\/04\/Logo-Creaideas-2025-preload.png","contentUrl":"https:\/\/creaideas.cl\/w23\/wp-content\/uploads\/2025\/04\/Logo-Creaideas-2025-preload.png","width":1000,"height":400,"caption":"Agencia de Medios Creaideas cl"},"image":{"@id":"https:\/\/creaideas.cl\/w23\/#\/schema\/logo\/image\/"},"sameAs":["https:\/\/www.instagram.com\/creaideas.cl\/"]}]}},"_links":{"self":[{"href":"https:\/\/creaideas.cl\/w23\/wp-json\/wp\/v2\/product\/508","targetHints":{"allow":["GET"]}}],"collection":[{"href":"https:\/\/creaideas.cl\/w23\/wp-json\/wp\/v2\/product"}],"about":[{"href":"https:\/\/creaideas.cl\/w23\/wp-json\/wp\/v2\/types\/product"}],"replies":[{"embeddable":true,"href":"https:\/\/creaideas.cl\/w23\/wp-json\/wp\/v2\/comments?post=508"}],"wp:featuredmedia":[{"embeddable":true,"href":"https:\/\/creaideas.cl\/w23\/wp-json\/wp\/v2\/media\/509"}],"wp:attachment":[{"href":"https:\/\/creaideas.cl\/w23\/wp-json\/wp\/v2\/media?parent=508"}],"wp:term":[{"taxonomy":"product_brand","embeddable":true,"href":"https:\/\/creaideas.cl\/w23\/wp-json\/wp\/v2\/product_brand?post=508"},{"taxonomy":"product_cat","embeddable":true,"href":"https:\/\/creaideas.cl\/w23\/wp-json\/wp\/v2\/product_cat?post=508"},{"taxonomy":"product_tag","embeddable":true,"href":"https:\/\/creaideas.cl\/w23\/wp-json\/wp\/v2\/product_tag?post=508"}],"curies":[{"name":"wp","href":"https:\/\/api.w.org\/{rel}","templated":true}]}}